{"id":25,"date":"2020-02-29T11:23:44","date_gmt":"2020-02-29T11:23:44","guid":{"rendered":"http:\/\/bv-hohenschaeftlarn.bayern\/?page_id=25"},"modified":"2026-04-13T17:33:10","modified_gmt":"2026-04-13T17:33:10","slug":"veranstaltungen","status":"publish","type":"page","link":"https:\/\/bv-hohenschaeftlarn.bayern\/?page_id=25","title":{"rendered":"Veranstaltungen"},"content":{"rendered":"\t\t<div data-elementor-type=\"wp-page\" data-elementor-id=\"25\" class=\"elementor elementor-25\">\n\t\t\t\t\t\t<section class=\"elementor-section elementor-top-section elementor-element elementor-element-1a6b725 elementor-section-boxed elementor-section-height-default elementor-section-height-default\" data-id=\"1a6b725\" data-element_type=\"section\" data-e-type=\"section\">\n\t\t\t\t\t\t<div class=\"elementor-container elementor-column-gap-default\">\n\t\t\t\t\t<div class=\"elementor-column elementor-col-100 elementor-top-column elementor-element elementor-element-0adb857\" data-id=\"0adb857\" data-element_type=\"column\" data-e-type=\"column\">\n\t\t\t<div class=\"elementor-widget-wrap elementor-element-populated\">\n\t\t\t\t\t\t<div class=\"elementor-element elementor-element-8693872 elementor-widget elementor-widget-heading\" data-id=\"8693872\" data-element_type=\"widget\" data-e-type=\"widget\" data-widget_type=\"heading.default\">\n\t\t\t\t<div class=\"elementor-widget-container\">\n\t\t\t\t\t<h2 class=\"elementor-heading-title elementor-size-default\">Kommende Veranstaltungen<\/h2>\t\t\t\t<\/div>\n\t\t\t\t<\/div>\n\t\t\t\t\t<\/div>\n\t\t<\/div>\n\t\t\t\t\t<\/div>\n\t\t<\/section>\n\t\t\t\t<section class=\"elementor-section elementor-top-section elementor-element elementor-element-f3c044f elementor-section-boxed elementor-section-height-default elementor-section-height-default\" data-id=\"f3c044f\" data-element_type=\"section\" data-e-type=\"section\">\n\t\t\t\t\t\t<div class=\"elementor-container elementor-column-gap-default\">\n\t\t\t\t\t<div class=\"elementor-column elementor-col-100 elementor-top-column elementor-element elementor-element-238834e\" data-id=\"238834e\" data-element_type=\"column\" data-e-type=\"column\">\n\t\t\t<div class=\"elementor-widget-wrap elementor-element-populated\">\n\t\t\t\t\t\t<div class=\"elementor-element elementor-element-6f51810 elementor-widget elementor-widget-spacer\" data-id=\"6f51810\" data-element_type=\"widget\" data-e-type=\"widget\" data-widget_type=\"spacer.default\">\n\t\t\t\t<div class=\"elementor-widget-container\">\n\t\t\t\t\t\t\t<div class=\"elementor-spacer\">\n\t\t\t<div class=\"elementor-spacer-inner\"><\/div>\n\t\t<\/div>\n\t\t\t\t\t\t<\/div>\n\t\t\t\t<\/div>\n\t\t\t\t\t<\/div>\n\t\t<\/div>\n\t\t\t\t\t<\/div>\n\t\t<\/section>\n\t\t\t\t<section class=\"elementor-section elementor-top-section elementor-element elementor-element-03e5806 elementor-section-boxed elementor-section-height-default elementor-section-height-default\" data-id=\"03e5806\" data-element_type=\"section\" data-e-type=\"section\">\n\t\t\t\t\t\t<div class=\"elementor-container elementor-column-gap-default\">\n\t\t\t\t\t<div class=\"elementor-column elementor-col-100 elementor-top-column elementor-element elementor-element-c3d1d94\" data-id=\"c3d1d94\" data-element_type=\"column\" data-e-type=\"column\">\n\t\t\t<div class=\"elementor-widget-wrap elementor-element-populated\">\n\t\t\t\t\t\t<div class=\"elementor-element elementor-element-1319c32 elementor-widget elementor-widget-text-editor\" data-id=\"1319c32\" data-element_type=\"widget\" data-e-type=\"widget\" data-widget_type=\"text-editor.default\">\n\t\t\t\t<div class=\"elementor-widget-container\">\n\t\t\t\t\t\t\t\t\t<p>Aufgrund der diesj\u00e4hrigen Vorstandschaftswahlen sind bisher noch keine neuen Termine bekannt gegeben.&nbsp;<br>In k\u00fcrze wird dies aber durch die Neue Vorstandschaft nachgeholt.&nbsp;<\/p><p>Wir danken f\u00fcr eure Treue und Gedult!<\/p><p><br><\/p>\t\t\t\t\t\t\t\t<\/div>\n\t\t\t\t<\/div>\n\t\t\t\t\t<\/div>\n\t\t<\/div>\n\t\t\t\t\t<\/div>\n\t\t<\/section>\n\t\t\t\t<section class=\"elementor-section elementor-top-section elementor-element elementor-element-807154c elementor-section-boxed elementor-section-height-default elementor-section-height-default\" data-id=\"807154c\" data-element_type=\"section\" data-e-type=\"section\">\n\t\t\t\t\t\t<div class=\"elementor-container elementor-column-gap-default\">\n\t\t\t\t\t<div class=\"elementor-column elementor-col-100 elementor-top-column elementor-element elementor-element-f206ed0\" data-id=\"f206ed0\" data-element_type=\"column\" data-e-type=\"column\">\n\t\t\t<div class=\"elementor-widget-wrap elementor-element-populated\">\n\t\t\t\t\t\t<div class=\"elementor-element elementor-element-0d7a249 elementor-widget elementor-widget-spacer\" data-id=\"0d7a249\" data-element_type=\"widget\" data-e-type=\"widget\" data-widget_type=\"spacer.default\">\n\t\t\t\t<div class=\"elementor-widget-container\">\n\t\t\t\t\t\t\t<div class=\"elementor-spacer\">\n\t\t\t<div class=\"elementor-spacer-inner\"><\/div>\n\t\t<\/div>\n\t\t\t\t\t\t<\/div>\n\t\t\t\t<\/div>\n\t\t\t\t\t<\/div>\n\t\t<\/div>\n\t\t\t\t\t<\/div>\n\t\t<\/section>\n\t\t\t\t<section class=\"elementor-section elementor-top-section elementor-element elementor-element-334a594 elementor-section-boxed elementor-section-height-default elementor-section-height-default\" data-id=\"334a594\" data-element_type=\"section\" data-e-type=\"section\">\n\t\t\t\t\t\t<div class=\"elementor-container elementor-column-gap-default\">\n\t\t\t\t\t<div class=\"elementor-column elementor-col-100 elementor-top-column elementor-element elementor-element-2a9321b\" data-id=\"2a9321b\" data-element_type=\"column\" data-e-type=\"column\">\n\t\t\t<div class=\"elementor-widget-wrap elementor-element-populated\">\n\t\t\t\t\t\t<div class=\"elementor-element elementor-element-6fdb823 elementor-widget-divider--view-line elementor-widget elementor-widget-divider\" data-id=\"6fdb823\" data-element_type=\"widget\" data-e-type=\"widget\" data-widget_type=\"divider.default\">\n\t\t\t\t<div class=\"elementor-widget-container\">\n\t\t\t\t\t\t\t<div class=\"elementor-divider\">\n\t\t\t<span class=\"elementor-divider-separator\">\n\t\t\t\t\t\t<\/span>\n\t\t<\/div>\n\t\t\t\t\t\t<\/div>\n\t\t\t\t<\/div>\n\t\t\t\t\t<\/div>\n\t\t<\/div>\n\t\t\t\t\t<\/div>\n\t\t<\/section>\n\t\t\t\t<section class=\"elementor-section elementor-top-section elementor-element elementor-element-7cc0958 elementor-section-boxed elementor-section-height-default elementor-section-height-default\" data-id=\"7cc0958\" data-element_type=\"section\" data-e-type=\"section\">\n\t\t\t\t\t\t<div class=\"elementor-container elementor-column-gap-default\">\n\t\t\t\t\t<div class=\"elementor-column elementor-col-100 elementor-top-column elementor-element elementor-element-b6da6b8\" data-id=\"b6da6b8\" data-element_type=\"column\" data-e-type=\"column\">\n\t\t\t<div class=\"elementor-widget-wrap elementor-element-populated\">\n\t\t\t\t\t\t<div class=\"elementor-element elementor-element-b8c25d7 elementor-widget elementor-widget-spacer\" data-id=\"b8c25d7\" data-element_type=\"widget\" data-e-type=\"widget\" data-widget_type=\"spacer.default\">\n\t\t\t\t<div class=\"elementor-widget-container\">\n\t\t\t\t\t\t\t<div class=\"elementor-spacer\">\n\t\t\t<div class=\"elementor-spacer-inner\"><\/div>\n\t\t<\/div>\n\t\t\t\t\t\t<\/div>\n\t\t\t\t<\/div>\n\t\t\t\t<div class=\"elementor-element elementor-element-86d380d elementor-widget elementor-widget-heading\" data-id=\"86d380d\" data-element_type=\"widget\" data-e-type=\"widget\" data-widget_type=\"heading.default\">\n\t\t\t\t<div class=\"elementor-widget-container\">\n\t\t\t\t\t<h2 class=\"elementor-heading-title elementor-size-default\">Voraussichtlich 2026<\/h2>\t\t\t\t<\/div>\n\t\t\t\t<\/div>\n\t\t\t\t<div class=\"elementor-element elementor-element-370c6ae elementor-widget elementor-widget-text-editor\" data-id=\"370c6ae\" data-element_type=\"widget\" data-e-type=\"widget\" data-widget_type=\"text-editor.default\">\n\t\t\t\t<div class=\"elementor-widget-container\">\n\t\t\t\t\t\t\t\t\t<p>Weiherfest:<\/p><p>Aufgrund des coronabedingten Ausfalls der Maifeier wurde im Jahr 2021 zur Aufstellung des Bams eine kleine Feier am Kirchbergweiher abgehalten. Seitdem wird dieses Fest im Juni\/Juli abgehalten.<\/p><p>Dabei wird meist mit einem Wei\u00dfwurstfr\u00fchst\u00fcck gestartet, mittags gegrillt und nachmittags Kuchen angeboten.<\/p><p>Ziel ist es, ein kleines Fest f\u00fcr die Dorfgemeinschaft zu veranstalten.<\/p><p>Es soll eine M\u00f6glichkeit bieten, neue Leute kennenzulernen, alte Bekannte wiederzusehen und verschiedenen Generationen eine Gelegenheit des gem\u00fctlichen Zusammentreffens geben.<\/p><p>Im Jahr 2025 fand wieder eine Maifeier statt, weshalb das Fest in diesem Jahr nicht abgehalten wurde.<\/p><p><br><\/p><p>Weinfest &amp; Kandlgaudi<\/p><p>Die beiden Veranstaltungen finden j\u00e4hrlich am vorletzten Wochenende im August statt.<\/p><p>Freitag ist Weinfest mit Live-Band, Winzerwein und Tanzfl\u00e4che.<\/p><p>Am Samstag findet dann die Kandlgaudi statt. Wer schon immer mal eine kleine Gie\u00dfkanne haben wollte, hat hier die M\u00f6glichkeit, ein Getr\u00e4nk in der Kanne zu erwerben und diese anschlie\u00dfend mit nach Hause zu nehmen.<\/p>\t\t\t\t\t\t\t\t<\/div>\n\t\t\t\t<\/div>\n\t\t\t\t<div class=\"elementor-element elementor-element-c50f9db elementor-widget elementor-widget-spacer\" data-id=\"c50f9db\" data-element_type=\"widget\" data-e-type=\"widget\" data-widget_type=\"spacer.default\">\n\t\t\t\t<div class=\"elementor-widget-container\">\n\t\t\t\t\t\t\t<div class=\"elementor-spacer\">\n\t\t\t<div class=\"elementor-spacer-inner\"><\/div>\n\t\t<\/div>\n\t\t\t\t\t\t<\/div>\n\t\t\t\t<\/div>\n\t\t\t\t<div class=\"elementor-element elementor-element-0c8aa79 elementor-widget-divider--view-line elementor-widget elementor-widget-divider\" data-id=\"0c8aa79\" data-element_type=\"widget\" data-e-type=\"widget\" data-widget_type=\"divider.default\">\n\t\t\t\t<div class=\"elementor-widget-container\">\n\t\t\t\t\t\t\t<div class=\"elementor-divider\">\n\t\t\t<span class=\"elementor-divider-separator\">\n\t\t\t\t\t\t<\/span>\n\t\t<\/div>\n\t\t\t\t\t\t<\/div>\n\t\t\t\t<\/div>\n\t\t\t\t\t<\/div>\n\t\t<\/div>\n\t\t\t\t\t<\/div>\n\t\t<\/section>\n\t\t\t\t<section class=\"elementor-section elementor-top-section elementor-element elementor-element-5be14e4 elementor-section-boxed elementor-section-height-default elementor-section-height-default\" data-id=\"5be14e4\" data-element_type=\"section\" data-e-type=\"section\">\n\t\t\t\t\t\t<div class=\"elementor-container elementor-column-gap-default\">\n\t\t\t\t\t<div class=\"elementor-column elementor-col-100 elementor-top-column elementor-element elementor-element-dfd38d1\" data-id=\"dfd38d1\" data-element_type=\"column\" data-e-type=\"column\">\n\t\t\t<div class=\"elementor-widget-wrap elementor-element-populated\">\n\t\t\t\t\t\t<div class=\"elementor-element elementor-element-bb3134d elementor-widget elementor-widget-heading\" data-id=\"bb3134d\" data-element_type=\"widget\" data-e-type=\"widget\" data-widget_type=\"heading.default\">\n\t\t\t\t<div class=\"elementor-widget-container\">\n\t\t\t\t\t<h2 class=\"elementor-heading-title elementor-size-default\">N\u00e4chste Maifeier 2030<\/h2>\t\t\t\t<\/div>\n\t\t\t\t<\/div>\n\t\t\t\t\t<\/div>\n\t\t<\/div>\n\t\t\t\t\t<\/div>\n\t\t<\/section>\n\t\t\t\t<section class=\"elementor-section elementor-top-section elementor-element elementor-element-2407f2b elementor-section-boxed elementor-section-height-default elementor-section-height-default\" data-id=\"2407f2b\" data-element_type=\"section\" data-e-type=\"section\">\n\t\t\t\t\t\t<div class=\"elementor-container elementor-column-gap-default\">\n\t\t\t\t\t<div class=\"elementor-column elementor-col-100 elementor-top-column elementor-element elementor-element-bc61b10\" data-id=\"bc61b10\" data-element_type=\"column\" data-e-type=\"column\">\n\t\t\t<div class=\"elementor-widget-wrap elementor-element-populated\">\n\t\t\t\t\t\t<div class=\"elementor-element elementor-element-5c2ba59 elementor-widget elementor-widget-text-editor\" data-id=\"5c2ba59\" data-element_type=\"widget\" data-e-type=\"widget\" data-widget_type=\"text-editor.default\">\n\t\t\t\t<div class=\"elementor-widget-container\">\n\t\t\t\t\t\t\t\t\t<p>Da unser Maibaum in einem Turnus von 5 Jahren aufgestellt wird, findet die n\u00e4chste Maifeier 20230 statt.&nbsp;<\/p><p>Zum Faschingsdienstag wird der Bam in Sch\u00e4ftlarn tradtionell in den Ort gebracht.&nbsp;<\/p><p>Somit beginnnt voraussichtlich am 5.M\u00e4rz 2030 die n\u00e4chste Wachh\u00fcttn in Hohensch\u00e4ftlarn.&nbsp;<br><br><br><\/p>\t\t\t\t\t\t\t\t<\/div>\n\t\t\t\t<\/div>\n\t\t\t\t\t<\/div>\n\t\t<\/div>\n\t\t\t\t\t<\/div>\n\t\t<\/section>\n\t\t\t\t<section class=\"elementor-section elementor-top-section elementor-element elementor-element-9a3b088 elementor-section-boxed elementor-section-height-default elementor-section-height-default\" data-id=\"9a3b088\" data-element_type=\"section\" data-e-type=\"section\">\n\t\t\t\t\t\t<div class=\"elementor-container elementor-column-gap-default\">\n\t\t\t\t\t<div class=\"elementor-column elementor-col-100 elementor-top-column elementor-element elementor-element-990e13b\" data-id=\"990e13b\" data-element_type=\"column\" data-e-type=\"column\">\n\t\t\t<div class=\"elementor-widget-wrap elementor-element-populated\">\n\t\t\t\t\t\t<div class=\"elementor-element elementor-element-b4fb9a4 elementor-widget elementor-widget-google_maps\" data-id=\"b4fb9a4\" data-element_type=\"widget\" data-e-type=\"widget\" data-widget_type=\"google_maps.default\">\n\t\t\t\t<div class=\"elementor-widget-container\">\n\t\t\t\t\t\t\t<div class=\"elementor-custom-embed\">\n\t\t\t<iframe loading=\"lazy\"\n\t\t\t\t\tsrc=\"https:\/\/maps.google.com\/maps?q=Drotwiesenweg%2C%20Hohensch%C3%A4ftlarn&#038;t=m&#038;z=15&#038;output=embed&#038;iwloc=near\"\n\t\t\t\t\ttitle=\"Drotwiesenweg, Hohensch\u00e4ftlarn\"\n\t\t\t\t\taria-label=\"Drotwiesenweg, Hohensch\u00e4ftlarn\"\n\t\t\t><\/iframe>\n\t\t<\/div>\n\t\t\t\t\t\t<\/div>\n\t\t\t\t<\/div>\n\t\t\t\t\t<\/div>\n\t\t<\/div>\n\t\t\t\t\t<\/div>\n\t\t<\/section>\n\t\t\t\t<\/div>\n\t\t","protected":false},"excerpt":{"rendered":"<p>Kommende Veranstaltungen Aufgrund der diesj\u00e4hrigen Vorstandschaftswahlen sind bisher noch keine neuen Termine bekannt gegeben.&nbsp;In k\u00fcrze wird dies aber durch die Neue Vorstandschaft nachgeholt.&nbsp; Wir danken f\u00fcr eure Treue und Gedult! Voraussichtlich 2026 Weiherfest: Aufgrund des coronabedingten Ausfalls der Maifeier wurde im Jahr 2021 zur Aufstellung des Bams eine kleine Feier am Kirchbergweiher abgehalten. Seitdem wird [&hellip;]<\/p>\n","protected":false},"author":1,"featured_media":0,"parent":0,"menu_order":0,"comment_status":"closed","ping_status":"closed","template":"","meta":{"footnotes":""},"class_list":["post-25","page","type-page","status-publish","hentry"],"jetpack_sharing_enabled":true,"_links":{"self":[{"href":"https:\/\/bv-hohenschaeftlarn.bayern\/index.php?rest_route=\/wp\/v2\/pages\/25","targetHints":{"allow":["GET"]}}],"collection":[{"href":"https:\/\/bv-hohenschaeftlarn.bayern\/index.php?rest_route=\/wp\/v2\/pages"}],"about":[{"href":"https:\/\/bv-hohenschaeftlarn.bayern\/index.php?rest_route=\/wp\/v2\/types\/page"}],"author":[{"embeddable":true,"href":"https:\/\/bv-hohenschaeftlarn.bayern\/index.php?rest_route=\/wp\/v2\/users\/1"}],"replies":[{"embeddable":true,"href":"https:\/\/bv-hohenschaeftlarn.bayern\/index.php?rest_route=%2Fwp%2Fv2%2Fcomments&post=25"}],"version-history":[{"count":76,"href":"https:\/\/bv-hohenschaeftlarn.bayern\/index.php?rest_route=\/wp\/v2\/pages\/25\/revisions"}],"predecessor-version":[{"id":400,"href":"https:\/\/bv-hohenschaeftlarn.bayern\/index.php?rest_route=\/wp\/v2\/pages\/25\/revisions\/400"}],"wp:attachment":[{"href":"https:\/\/bv-hohenschaeftlarn.bayern\/index.php?rest_route=%2Fwp%2Fv2%2Fmedia&parent=25"}],"curies":[{"name":"wp","href":"https:\/\/api.w.org\/{rel}","templated":true}]}}